{"id":66,"date":"2021-07-14T20:09:44","date_gmt":"2021-07-14T20:09:44","guid":{"rendered":"https:\/\/bonacuina.com.uy\/Q1n4\/?page_id=66"},"modified":"2025-09-27T09:56:33","modified_gmt":"2025-09-27T12:56:33","slug":"nuestra-propuesta","status":"publish","type":"page","link":"https:\/\/bonacuina.com.uy\/Q1n4\/","title":{"rendered":"Nuestra propuesta"},"content":{"rendered":"<div class=\"n2_ss_slider_publish__option_code\" dir=\"ltr\" data-mode=\"alias\">\n<div class=\"n2_ss_slider_publish__option_code\" dir=\"ltr\" data-mode=\"id\">\n<div class=\"n2_ss_slider_publish__option_code\" dir=\"ltr\" data-mode=\"id\">\n<p>En Bonacuina somos especialistas en <b>amoblamientos a medida<\/b><span style=\"font-weight: 400;\">, con m\u00e1s de 30 a\u00f1os dedicados a crear espacios que combinan <\/span><b>funcionalidad, dise\u00f1o y calidad<\/b><span style=\"font-weight: 400;\">.<\/span><\/p>\n<h4><div id=\"wpfp_a375ae976eeff812887a1190bab475b0\" data-item=\"{&quot;sources&quot;:[{&quot;src&quot;:&quot;https:\\\/\\\/bonacuina.com.uy\\\/Q1n4\\\/wp-content\\\/uploads\\\/2025\\\/05\\\/Inicial-SCA.mp4&quot;,&quot;type&quot;:&quot;video\\\/mp4&quot;}],&quot;id&quot;:&quot;1&quot;}\" class=\"flowplayer no-brand is-splash is-paused skin-slim no-svg fp-slim fp-edgy\" data-fv-embed=\"https:\/\/bonacuina.com.uy\/Q1n4\/fvp-1\/\" style=\"position:relative; max-width: 1680px; max-height: 720px; \" data-ratio=\"0.4286\" data-player-id=\"1\">\n\t<div class=\"fp-ratio\" style=\"padding-top: 42.86%\"><\/div>\n\t<div class=\"fp-ui\"><noscript>Please enable JavaScript<\/noscript><div class=\"fp-play fp-visible\"><svg class=\"fp-play-sharp-fill\" xmlns=\"http:\/\/www.w3.org\/2000\/svg\" viewBox=\"0 0 100 100\"><defs><style>.fp-color-play{opacity:0.65;}.controlbutton{fill:#fff;}<\/style><\/defs><title>play-sharp-fill<\/title><path class=\"fp-color-play\" d=\"M49.9217-.078a50,50,0,1,0,50,50A50.0564,50.0564,0,0,0,49.9217-.078Z\"\/><polygon class=\"controlbutton\" points=\"73.601 50 37.968 70.573 37.968 29.427 73.601 50\" filter=\"url(#f1)\"\/><\/svg><\/div><div class=\"fp-preload\"><b><\/b><b><\/b><b><\/b><b><\/b><\/div><\/div>\n<div class='fvp-share-bar'><ul class=\"fvp-sharing\">\r\n    <li><a class=\"sharing-facebook\" href=\"https:\/\/www.facebook.com\/sharer\/sharer.php?u=https%3A%2F%2Fbonacuina.com.uy%2FQ1n4%2F\" target=\"_blank\"><\/a><\/li>\r\n    <li><a class=\"sharing-twitter\" href=\"https:\/\/twitter.com\/intent\/tweet?text=Bonacuina+-+Dise%C3%B1o+y+equipamiento+de+cocinas+&url=https%3A%2F%2Fbonacuina.com.uy%2FQ1n4%2F\" target=\"_blank\"><\/a><\/li>\r\n    <li><a class=\"sharing-email\" href=\"mailto:?body=Check%20out%20the%20amazing%20video%20here%3A%20https%3A%2F%2Fbonacuina.com.uy%2FQ1n4%2F\" target=\"_blank\"><\/a><\/li><\/ul><div><a class=\"sharing-link\" href=\"https:\/\/bonacuina.com.uy\/Q1n4\/\" target=\"_blank\">Link<\/a><\/div><div><label><a class=\"embed-code-toggle\" href=\"#\"><strong>Embed<\/strong><\/a><\/label><\/div><div class=\"embed-code\"><label>Copy and paste this HTML code into your webpage to embed.<\/label><textarea><\/textarea><\/div><\/div>\n<\/div>\n<\/h4>\n<\/div>\n<\/div>\n<\/div>\n<div class=\"n2_ss_slider_publish__option_code\" dir=\"ltr\" data-mode=\"alias\">\n<div class=\"n2_ss_slider_publish__option_code\" dir=\"ltr\" data-mode=\"id\">\n<div dir=\"ltr\" data-mode=\"id\">\n<h5 style=\"text-align: center;\"><a href=\"https:\/\/bonacuina.com.uy\/Q1n4\/galeria\/\"><span style=\"font-weight: 400;\"><strong>NUESTRA PROPUESTA<\/strong><\/span><\/a><\/h5>\n<h5 style=\"text-align: center;\"><\/h5>\n<h5 style=\"text-align: center;\"><a href=\"https:\/\/bonacuina.com.uy\/Q1n4\/category\/amoblamiento\/cocinas\/\">muebles de cocina<\/a>, <a href=\"https:\/\/bonacuina.com.uy\/Q1n4\/category\/amoblamiento\/vestidores\/\">vestidores<\/a>, <a href=\"https:\/\/bonacuina.com.uy\/Q1n4\/category\/amoblamiento\/dormitorios\/\">placares <\/a>o <a href=\"https:\/\/bonacuina.com.uy\/Q1n4\/2021\/11\/01\/home-theatres\/\">home theater<\/a><\/h5>\n<p><b>Cocinas<\/b><b><br \/>\n<\/b><span style=\"font-weight: 400;\">Nuestro foco est\u00e1 en la cocina como centro del hogar. Dise\u00f1amos y ejecutamos cada proyecto incluyendo <\/span><b>muebles, mesadas, piletas, grifer\u00eda y electrodom\u00e9sticos empotrables<\/b><span style=\"font-weight: 400;\">, para lograr una soluci\u00f3n integral.<\/span><\/p>\n<p><b>Otros espacios<\/b><b><br \/>\n<\/b><span style=\"font-weight: 400;\">Tambi\u00e9n dise\u00f1amos <\/span><b>vestidores, placares y muebles para living<\/b><span style=\"font-weight: 400;\"> (como home theaters), con la misma atenci\u00f3n al detalle y calidad de siempre.<\/span><\/p>\n\n<p><b>Tu espacio, nuestra experiencia<br \/>\n<\/b><span style=\"font-weight: 400;\">Busc\u00e1s un dise\u00f1o cuidado, asesoramiento cercano y productos que resistan el paso del tiempo.<br \/>\n<\/span><span style=\"font-weight: 400;\">Eso es lo que ofrecemos. Y lo que nos gusta hacer.<\/span><\/p>\n<p><b>Sin distracciones<\/b><b><br \/>\n<\/b><span style=\"font-weight: 400;\">No trabajamos con loza sanitaria, revestimientos y pisos. Pero s\u00ed te acompa\u00f1amos y asesoramos en todo lo que complemente tu proyecto.<\/span><\/p>\n<p><b>30 a\u00f1os de experiencia.<\/b><b><br \/>\n<\/b><span style=\"font-weight: 400;\">Y lo que m\u00e1s vale: garant\u00eda y respaldo.<\/span><b><br \/>\n<\/b><span style=\"font-weight: 400;\">Ese es el compromiso que llevamos en cada proyecto.<\/span><\/p>\n<\/div>\n<\/div>\n<\/div>\n<p><img loading=\"lazy\" decoding=\"async\" class=\"alignnone wp-image-523\" src=\"https:\/\/bonacuina.com.uy\/Q1n4\/wp-content\/uploads\/2021\/10\/Captura-de-pantalla-2025-05-19-a-las-18.25.38-300x75.png\" alt=\"\" width=\"676\" height=\"169\" srcset=\"https:\/\/bonacuina.com.uy\/Q1n4\/wp-content\/uploads\/2021\/10\/Captura-de-pantalla-2025-05-19-a-las-18.25.38-300x75.png 300w, https:\/\/bonacuina.com.uy\/Q1n4\/wp-content\/uploads\/2021\/10\/Captura-de-pantalla-2025-05-19-a-las-18.25.38-1024x256.png 1024w, https:\/\/bonacuina.com.uy\/Q1n4\/wp-content\/uploads\/2021\/10\/Captura-de-pantalla-2025-05-19-a-las-18.25.38-768x192.png 768w, https:\/\/bonacuina.com.uy\/Q1n4\/wp-content\/uploads\/2021\/10\/Captura-de-pantalla-2025-05-19-a-las-18.25.38.png 1128w\" sizes=\"auto, (max-width: 676px) 100vw, 676px\" \/><\/p>\n<h5><img loading=\"lazy\" decoding=\"async\" class=\"aligncenter wp-image-406 size-full\" title=\"mobiliario para cocina\" src=\"https:\/\/bonacuina.com.uy\/Q1n4\/wp-content\/uploads\/2023\/05\/Logo-30-anos.png\" alt=\"Bonacuina muebles de cocina\" width=\"214\" height=\"60\" \/><\/h5>\n","protected":false},"excerpt":{"rendered":"<p>En Bonacuina somos especialistas en amoblamientos a medida, con m\u00e1s de 30 a\u00f1os dedicados a crear espacios que combinan funcionalidad, dise\u00f1o y calidad. NUESTRA PROPUESTA muebles de cocina, vestidores, placares o home theater Cocinas Nuestro foco est\u00e1 en la cocina como centro del hogar. Dise\u00f1amos y ejecutamos cada proyecto incluyendo muebles, mesadas, piletas, grifer\u00eda y &hellip; <\/p>\n","protected":false},"author":1,"featured_media":0,"parent":0,"menu_order":0,"comment_status":"closed","ping_status":"closed","template":"","meta":{"_monsterinsights_skip_tracking":false,"_monsterinsights_sitenote_active":false,"_monsterinsights_sitenote_note":"","_monsterinsights_sitenote_category":0,"footnotes":""},"class_list":["post-66","page","type-page","status-publish","hentry"],"aioseo_notices":[],"_links":{"self":[{"href":"https:\/\/bonacuina.com.uy\/Q1n4\/wp-json\/wp\/v2\/pages\/66","targetHints":{"allow":["GET"]}}],"collection":[{"href":"https:\/\/bonacuina.com.uy\/Q1n4\/wp-json\/wp\/v2\/pages"}],"about":[{"href":"https:\/\/bonacuina.com.uy\/Q1n4\/wp-json\/wp\/v2\/types\/page"}],"author":[{"embeddable":true,"href":"https:\/\/bonacuina.com.uy\/Q1n4\/wp-json\/wp\/v2\/users\/1"}],"replies":[{"embeddable":true,"href":"https:\/\/bonacuina.com.uy\/Q1n4\/wp-json\/wp\/v2\/comments?post=66"}],"version-history":[{"count":40,"href":"https:\/\/bonacuina.com.uy\/Q1n4\/wp-json\/wp\/v2\/pages\/66\/revisions"}],"predecessor-version":[{"id":667,"href":"https:\/\/bonacuina.com.uy\/Q1n4\/wp-json\/wp\/v2\/pages\/66\/revisions\/667"}],"wp:attachment":[{"href":"https:\/\/bonacuina.com.uy\/Q1n4\/wp-json\/wp\/v2\/media?parent=66"}],"curies":[{"name":"wp","href":"https:\/\/api.w.org\/{rel}","templated":true}]}}